{"id":11110,"date":"2023-01-15T19:27:20","date_gmt":"2023-01-15T19:27:20","guid":{"rendered":"http:\/\/www.og-ommersheim.de\/?page_id=11110"},"modified":"2023-02-18T09:54:58","modified_gmt":"2023-02-18T09:54:58","slug":"pruefungen-2023","status":"publish","type":"page","link":"http:\/\/www.og-ommersheim.de\/?page_id=11110","title":{"rendered":"Pr\u00fcfungen 2023"},"content":{"rendered":"\n<p class=\"has-medium-font-size\">Fr\u00fchjahrspr\u00fcfung 01.04.2023 Stephan Bentz<\/p>\n\n\n\n<p class=\"has-medium-font-size\">Herbstpr\u00fcfung 08.10.2023 J\u00fcrgen Klein<\/p>\n\n\n\n<table id=\"tablepress-23\" class=\"tablepress tablepress-id-23\">\n<thead>\n<tr class=\"row-1 odd\">\n\t<th colspan=\"5\" class=\"column-1\">Pr\u00fcfungs\u00fcbersicht 2023<\/th>\n<\/tr>\n<\/thead>\n<tbody class=\"row-hover\">\n<tr class=\"row-2 even\">\n\t<td class=\"column-1\">Hundef\u00fchrer<\/td><td class=\"column-2\">Hund<\/td><td class=\"column-3\">Ort<\/td><td class=\"column-4\">Pr. St.<\/td><td class=\"column-5\">Ergebnis<\/td>\n<\/tr>\n<tr class=\"row-3 odd\">\n\t<td class=\"column-1\">Manfred Bellman<\/td><td class=\"column-2\">Riddick zur Worringer Rheinaue<\/td><td class=\"column-3\"><\/td><td class=\"column-4\"><\/td><td class=\"column-5\"><\/td>\n<\/tr>\n<tr class=\"row-4 even\">\n\t<td class=\"column-1\">Manfred Bellmann<\/td><td class=\"column-2\">Zarah von Arkanum<\/td><td class=\"column-3\"><\/td><td class=\"column-4\"><\/td><td class=\"column-5\"><\/td>\n<\/tr>\n<tr class=\"row-5 odd\">\n\t<td class=\"column-1\">Susan Breit<\/td><td class=\"column-2\">Qamar vom Rotbachsee<\/td><td class=\"column-3\"><\/td><td class=\"column-4\"><\/td><td class=\"column-5\"><\/td>\n<\/tr>\n<tr class=\"row-6 even\">\n\t<td class=\"column-1\">Melanie G\u00fcldenring<\/td><td class=\"column-2\">Azura vom Haus Silengo<\/td><td class=\"column-3\"><\/td><td class=\"column-4\"><\/td><td class=\"column-5\"><\/td>\n<\/tr>\n<tr class=\"row-7 odd\">\n\t<td class=\"column-1\">Anne Kaffenberger<\/td><td class=\"column-2\">Tobi vom wenischen Lande<\/td><td class=\"column-3\"><\/td><td class=\"column-4\"><\/td><td class=\"column-5\"><\/td>\n<\/tr>\n<tr class=\"row-8 even\">\n\t<td class=\"column-1\">Karin Lehnert<\/td><td class=\"column-2\">Aaron von der R\u00f6mertreppe<\/td><td class=\"column-3\">Ommersheim<\/td><td class=\"column-4\">L-JHKLR<\/td><td class=\"column-5\">SG3<\/td>\n<\/tr>\n<tr class=\"row-9 odd\">\n\t<td class=\"column-1\">Stefan Lehnert<\/td><td class=\"column-2\">Dschinie vom Hof Peters<\/td><td class=\"column-3\">Ommersheim<br \/>\nSanddorf<br \/>\nSt. Ingbert<br \/>\nSchwalbach<br \/>\nH\u00fcttersdorf<br \/>\nOmmersheim<\/td><td class=\"column-4\">IFH2<br \/>\nIGP3<br \/>\nIGP3<br \/>\nIGP3<br \/>\nIFH2<br \/>\nIFH2<\/td><td class=\"column-5\">82<br \/>\n84\/78\/78\/240<br \/>\n83\/85\/91\/259<br \/>\n85\/73\/76\/234<br \/>\n12<br \/>\n80<\/td>\n<\/tr>\n<tr class=\"row-10 even\">\n\t<td class=\"column-1\">Stefan Lehnert<\/td><td class=\"column-2\">Priska von der Wolfsquelle<\/td><td class=\"column-3\">Ommersheim<br \/>\nSanddorf<br \/>\nSt Ingbert<br \/>\nSchwalbach<br \/>\nH\u00fcttersdorf<br \/>\nOmmersheim<\/td><td class=\"column-4\">IGP3<br \/>\nIGP3<br \/>\nIGP3<br \/>\nIGP3<br \/>\nIFH2<br \/>\nIGP3<\/td><td class=\"column-5\">91\/87\/85\/263<br \/>\n85\/80\/76\/241<br \/>\n90\/83\/Disc\/Disc<br \/>\n92\/80\/77\/249<br \/>\n10<br \/>\n98\/82\/82\/262<\/td>\n<\/tr>\n<tr class=\"row-11 odd\">\n\t<td class=\"column-1\">Daniel M\u00e4nnlein<\/td><td class=\"column-2\">Lorie de la cite des loups gris<\/td><td class=\"column-3\">Falk<br \/>\nStiring Wendel<br \/>\nBlotzheim<br \/>\nReichshoffen<br \/>\nSaarwerden<br \/>\nOmmersheim<br \/>\nSt. Ingbet<br \/>\nOmmersheim<br \/>\nVendenheim<br \/>\nBetschdorf<br \/>\nStiring Wendel<\/td><td class=\"column-4\">IGP-FH<br \/>\nIFH2<br \/>\nIGP-FH<br \/>\nIFH2<br \/>\nIFH2<br \/>\nIFH2<br \/>\nIFH2<br \/>\nIFH2<br \/>\nIFH2<br \/>\nIFH2<br \/>\nIGP-FH<\/td><td class=\"column-5\">80\/15\/95<br \/>\n94<br \/>\n50\/82\/132<br \/>\n90<br \/>\n93<br \/>\n96<br \/>\n90<br \/>\n91<br \/>\n72<br \/>\n84<br \/>\n21\/82\/103<\/td>\n<\/tr>\n<tr class=\"row-12 even\">\n\t<td class=\"column-1\">Katharina Niedner<\/td><td class=\"column-2\">Dario vom Perlbachtal<\/td><td class=\"column-3\"><\/td><td class=\"column-4\"><\/td><td class=\"column-5\"><\/td>\n<\/tr>\n<tr class=\"row-13 odd\">\n\t<td class=\"column-1\">Dagmar Scheitinger<\/td><td class=\"column-2\">Lexi<\/td><td class=\"column-3\"><\/td><td class=\"column-4\"><\/td><td class=\"column-5\"><\/td>\n<\/tr>\n<tr class=\"row-14 even\">\n\t<td class=\"column-1\">Heike Schwarz<\/td><td class=\"column-2\">Maya<\/td><td class=\"column-3\"><\/td><td class=\"column-4\"><\/td><td class=\"column-5\"><\/td>\n<\/tr>\n<tr class=\"row-15 odd\">\n\t<td class=\"column-1\">Timo Spork<\/td><td class=\"column-2\">Finnly for you from Sandras Soul Aussis<\/td><td class=\"column-3\"><\/td><td class=\"column-4\"><\/td><td class=\"column-5\"><\/td>\n<\/tr>\n<tr class=\"row-16 even\">\n\t<td class=\"column-1\"><\/td><td class=\"column-2\"><\/td><td class=\"column-3\"><\/td><td class=\"column-4\"><\/td><td class=\"column-5\"><\/td>\n<\/tr>\n<tr class=\"row-17 odd\">\n\t<td class=\"column-1\"><\/td><td class=\"column-2\"><\/td><td class=\"column-3\"><\/td><td class=\"column-4\"><\/td><td class=\"column-5\"><\/td>\n<\/tr>\n<tr class=\"row-18 even\">\n\t<td class=\"column-1\"><\/td><td class=\"column-2\"><\/td><td class=\"column-3\"><\/td><td class=\"column-4\"><\/td><td class=\"column-5\"><\/td>\n<\/tr>\n<\/tbody>\n<\/table>\n<!-- #tablepress-23 from cache -->\n","protected":false},"excerpt":{"rendered":"<p>Fr\u00fchjahrspr\u00fcfung 01.04.2023 Stephan Bentz Herbstpr\u00fcfung 08.10.2023 J\u00fcrgen Klein<\/p>\n","protected":false},"author":3,"featured_media":0,"parent":0,"menu_order":0,"comment_status":"closed","ping_status":"closed","template":"","meta":{"footnotes":""},"class_list":["post-11110","page","type-page","status-publish","hentry"],"jetpack_sharing_enabled":true,"_links":{"self":[{"href":"http:\/\/www.og-ommersheim.de\/index.php?rest_route=\/wp\/v2\/pages\/11110","targetHints":{"allow":["GET"]}}],"collection":[{"href":"http:\/\/www.og-ommersheim.de\/index.php?rest_route=\/wp\/v2\/pages"}],"about":[{"href":"http:\/\/www.og-ommersheim.de\/index.php?rest_route=\/wp\/v2\/types\/page"}],"author":[{"embeddable":true,"href":"http:\/\/www.og-ommersheim.de\/index.php?rest_route=\/wp\/v2\/users\/3"}],"replies":[{"embeddable":true,"href":"http:\/\/www.og-ommersheim.de\/index.php?rest_route=%2Fwp%2Fv2%2Fcomments&post=11110"}],"version-history":[{"count":3,"href":"http:\/\/www.og-ommersheim.de\/index.php?rest_route=\/wp\/v2\/pages\/11110\/revisions"}],"predecessor-version":[{"id":11121,"href":"http:\/\/www.og-ommersheim.de\/index.php?rest_route=\/wp\/v2\/pages\/11110\/revisions\/11121"}],"wp:attachment":[{"href":"http:\/\/www.og-ommersheim.de\/index.php?rest_route=%2Fwp%2Fv2%2Fmedia&parent=11110"}],"curies":[{"name":"wp","href":"https:\/\/api.w.org\/{rel}","templated":true}]}}