{"id":11930,"date":"2024-02-21T17:54:30","date_gmt":"2024-02-21T17:54:30","guid":{"rendered":"http:\/\/www.og-ommersheim.de\/?page_id=11930"},"modified":"2024-03-04T18:29:10","modified_gmt":"2024-03-04T18:29:10","slug":"pruefungen-2024","status":"publish","type":"page","link":"http:\/\/www.og-ommersheim.de\/?page_id=11930","title":{"rendered":"Pr\u00fcfungen 2024"},"content":{"rendered":"\n<p class=\"has-medium-font-size\">Fr\u00fchjahrspr\u00fcfung 06.04.2024 Stephan Bentz<\/p>\n\n\n\n<p class=\"has-medium-font-size\">Herbstpr\u00fcfung 16.11.2024 J\u00fcrgen Klein<\/p>\n\n\n\n<table id=\"tablepress-24\" class=\"tablepress tablepress-id-24\">\n<thead>\n<tr class=\"row-1 odd\">\n\t<th colspan=\"5\" class=\"column-1\">Pr\u00fcfungs\u00fcbersicht 2024<\/th>\n<\/tr>\n<\/thead>\n<tbody class=\"row-hover\">\n<tr class=\"row-2 even\">\n\t<td class=\"column-1\">Hundef\u00fchrer<\/td><td class=\"column-2\">Hund<\/td><td class=\"column-3\">Ort<\/td><td class=\"column-4\">Pr. St.<\/td><td class=\"column-5\">Ergebnis<\/td>\n<\/tr>\n<tr class=\"row-3 odd\">\n\t<td class=\"column-1\">Manfred Bellman<\/td><td class=\"column-2\">Riddick zur Worringer Rheinaue<\/td><td class=\"column-3\"><\/td><td class=\"column-4\"><\/td><td class=\"column-5\"><\/td>\n<\/tr>\n<tr class=\"row-4 even\">\n\t<td class=\"column-1\">Manfred Bellmann<\/td><td class=\"column-2\">Zarah von Arkanum<\/td><td class=\"column-3\"><\/td><td class=\"column-4\"><\/td><td class=\"column-5\"><\/td>\n<\/tr>\n<tr class=\"row-5 odd\">\n\t<td class=\"column-1\">Manfred Bellmann<\/td><td class=\"column-2\">Aila vom wilden Efeu<\/td><td class=\"column-3\">Ommersheim<\/td><td class=\"column-4\">FCI-BH<\/td><td class=\"column-5\">53<\/td>\n<\/tr>\n<tr class=\"row-6 even\">\n\t<td class=\"column-1\">Susan Breit<\/td><td class=\"column-2\">Qamar vom Rotbachsee<\/td><td class=\"column-3\"><\/td><td class=\"column-4\"><\/td><td class=\"column-5\"><\/td>\n<\/tr>\n<tr class=\"row-7 odd\">\n\t<td class=\"column-1\">Hagen Fetzer<\/td><td class=\"column-2\"><\/td><td class=\"column-3\"><\/td><td class=\"column-4\"><\/td><td class=\"column-5\"><\/td>\n<\/tr>\n<tr class=\"row-8 even\">\n\t<td class=\"column-1\">Melanie G\u00fcldenring<\/td><td class=\"column-2\">Azura vom Haus Silengo<\/td><td class=\"column-3\"><\/td><td class=\"column-4\"><\/td><td class=\"column-5\"><\/td>\n<\/tr>\n<tr class=\"row-9 odd\">\n\t<td class=\"column-1\">Anne Kaffenberger<\/td><td class=\"column-2\">Tobi vom wenischen Lande<\/td><td class=\"column-3\"><\/td><td class=\"column-4\"><\/td><td class=\"column-5\"><\/td>\n<\/tr>\n<tr class=\"row-10 even\">\n\t<td class=\"column-1\">Karin Lehnert<\/td><td class=\"column-2\">Aaron von der R\u00f6mertreppe<\/td><td class=\"column-3\"><\/td><td class=\"column-4\"><\/td><td class=\"column-5\"><\/td>\n<\/tr>\n<tr class=\"row-11 odd\">\n\t<td class=\"column-1\">Stefan Lehnert<\/td><td class=\"column-2\">Dschinie vom Hof Peters<\/td><td class=\"column-3\">Ommersheim<\/td><td class=\"column-4\">FCI-IFH2<\/td><td class=\"column-5\">5<\/td>\n<\/tr>\n<tr class=\"row-12 even\">\n\t<td class=\"column-1\"><\/td><td class=\"column-2\"><\/td><td class=\"column-3\">St. Ingbert<\/td><td class=\"column-4\">FCI-IGP3<\/td><td class=\"column-5\">92\/82-84\/258<\/td>\n<\/tr>\n<tr class=\"row-13 odd\">\n\t<td class=\"column-1\"><\/td><td class=\"column-2\"><\/td><td class=\"column-3\">Ommersheim<\/td><td class=\"column-4\">FCI-IFH2<\/td><td class=\"column-5\">93<\/td>\n<\/tr>\n<tr class=\"row-14 even\">\n\t<td class=\"column-1\">Stefan Lehnert<\/td><td class=\"column-2\">Priska von der Wolfsquelle<\/td><td class=\"column-3\">Ommersheim<\/td><td class=\"column-4\">FCI-IGP3<\/td><td class=\"column-5\">94\/87\/-\/DI<\/td>\n<\/tr>\n<tr class=\"row-15 odd\">\n\t<td class=\"column-1\"><\/td><td class=\"column-2\"><\/td><td class=\"column-3\">St. Ingbert<\/td><td class=\"column-4\">FCI-IGP3<\/td><td class=\"column-5\">88\/84\/87\/259<\/td>\n<\/tr>\n<tr class=\"row-16 even\">\n\t<td class=\"column-1\"><\/td><td class=\"column-2\"><\/td><td class=\"column-3\">Ommersheim<\/td><td class=\"column-4\">FCI-IFH2<\/td><td class=\"column-5\">96<\/td>\n<\/tr>\n<tr class=\"row-17 odd\">\n\t<td class=\"column-1\">Katharina Niedner<\/td><td class=\"column-2\">Dario vom Perlbachtal<\/td><td class=\"column-3\"><\/td><td class=\"column-4\"><\/td><td class=\"column-5\"><\/td>\n<\/tr>\n<tr class=\"row-18 even\">\n\t<td class=\"column-1\">Dagmar Scheitinger<\/td><td class=\"column-2\">Lexi<\/td><td class=\"column-3\"><\/td><td class=\"column-4\"><\/td><td class=\"column-5\"><\/td>\n<\/tr>\n<tr class=\"row-19 odd\">\n\t<td class=\"column-1\">Heike Schwarz<\/td><td class=\"column-2\">Maya<\/td><td class=\"column-3\"><\/td><td class=\"column-4\"><\/td><td class=\"column-5\"><\/td>\n<\/tr>\n<tr class=\"row-20 even\">\n\t<td class=\"column-1\">Anna Lena Piesik<\/td><td class=\"column-2\">Filly vom Arkanum<\/td><td class=\"column-3\">Ommersheim<\/td><td class=\"column-4\">FCI-IGBH1<\/td><td class=\"column-5\">90<\/td>\n<\/tr>\n<tr class=\"row-21 odd\">\n\t<td class=\"column-1\"><\/td><td class=\"column-2\">Zarah von Arkanum<\/td><td class=\"column-3\">St. Ingbert<\/td><td class=\"column-4\">FCI-IGBH1<\/td><td class=\"column-5\">88<\/td>\n<\/tr>\n<tr class=\"row-22 even\">\n\t<td class=\"column-1\">Timo Spork<\/td><td class=\"column-2\">Finnly for you from Sandras Soul Aussis<\/td><td class=\"column-3\"><\/td><td class=\"column-4\"><\/td><td class=\"column-5\"><\/td>\n<\/tr>\n<tr class=\"row-23 odd\">\n\t<td class=\"column-1\"><\/td><td class=\"column-2\"><\/td><td class=\"column-3\"><\/td><td class=\"column-4\"><\/td><td class=\"column-5\"><\/td>\n<\/tr>\n<tr class=\"row-24 even\">\n\t<td class=\"column-1\"><\/td><td class=\"column-2\"><\/td><td class=\"column-3\"><\/td><td class=\"column-4\"><\/td><td class=\"column-5\"><\/td>\n<\/tr>\n<tr class=\"row-25 odd\">\n\t<td class=\"column-1\"><\/td><td class=\"column-2\"><\/td><td class=\"column-3\"><\/td><td class=\"column-4\"><\/td><td class=\"column-5\"><\/td>\n<\/tr>\n<tr class=\"row-26 even\">\n\t<td class=\"column-1\"><\/td><td class=\"column-2\"><\/td><td class=\"column-3\"><\/td><td class=\"column-4\"><\/td><td class=\"column-5\"><\/td>\n<\/tr>\n<tr class=\"row-27 odd\">\n\t<td class=\"column-1\"><\/td><td class=\"column-2\"><\/td><td class=\"column-3\"><\/td><td class=\"column-4\"><\/td><td class=\"column-5\"><\/td>\n<\/tr>\n<\/tbody>\n<\/table>\n<!-- #tablepress-24 from cache -->\n","protected":false},"excerpt":{"rendered":"<p>Fr\u00fchjahrspr\u00fcfung 06.04.2024 Stephan Bentz Herbstpr\u00fcfung 16.11.2024 J\u00fcrgen Klein<\/p>\n","protected":false},"author":3,"featured_media":0,"parent":0,"menu_order":0,"comment_status":"closed","ping_status":"closed","template":"","meta":{"footnotes":""},"class_list":["post-11930","page","type-page","status-publish","hentry"],"jetpack_sharing_enabled":true,"_links":{"self":[{"href":"http:\/\/www.og-ommersheim.de\/index.php?rest_route=\/wp\/v2\/pages\/11930","targetHints":{"allow":["GET"]}}],"collection":[{"href":"http:\/\/www.og-ommersheim.de\/index.php?rest_route=\/wp\/v2\/pages"}],"about":[{"href":"http:\/\/www.og-ommersheim.de\/index.php?rest_route=\/wp\/v2\/types\/page"}],"author":[{"embeddable":true,"href":"http:\/\/www.og-ommersheim.de\/index.php?rest_route=\/wp\/v2\/users\/3"}],"replies":[{"embeddable":true,"href":"http:\/\/www.og-ommersheim.de\/index.php?rest_route=%2Fwp%2Fv2%2Fcomments&post=11930"}],"version-history":[{"count":4,"href":"http:\/\/www.og-ommersheim.de\/index.php?rest_route=\/wp\/v2\/pages\/11930\/revisions"}],"predecessor-version":[{"id":11983,"href":"http:\/\/www.og-ommersheim.de\/index.php?rest_route=\/wp\/v2\/pages\/11930\/revisions\/11983"}],"wp:attachment":[{"href":"http:\/\/www.og-ommersheim.de\/index.php?rest_route=%2Fwp%2Fv2%2Fmedia&parent=11930"}],"curies":[{"name":"wp","href":"https:\/\/api.w.org\/{rel}","templated":true}]}}