{"id":36,"date":"2015-12-21T09:04:04","date_gmt":"2015-12-21T09:04:04","guid":{"rendered":"http:\/\/ew.og-ommersheim.de\/?page_id=36"},"modified":"2024-08-09T12:53:05","modified_gmt":"2024-08-09T12:53:05","slug":"kontakt","status":"publish","type":"page","link":"http:\/\/www.og-ommersheim.de\/?page_id=36","title":{"rendered":"Kontakt"},"content":{"rendered":"<a class=\"tx-button\" href=\"https:\/\/www.google.com\/maps\/place\/Ziegelh%C3%BCtte+15,+66399+Mandelbachtal,+Germany\/@49.2118645,7.1652284,15.75z\/data=!4m2!3m1!1s0x4795cbf1c26c5b4d:0x33c84260957a3340?hl=en\" target=\"_self\" style=\"color: #1e73be; background-color: #eeee22\">Mehr..<\/a>\n<p>Unsere Adresse:<\/p>\n<p>Verein f\u00fcr Deutsche Sch\u00e4ferhunde (SV) e.V. Ortsgruppe Ommersheim e.V.<\/p>\n<p>Gemeindesportanlage Ziegelh\u00fctte 66399 Mandelbachtal-Ommersheim<\/p>\n<p>E-Mail:\u00a0<a href=\"mailto:webmaster@sv-og-ommersheim.de\">webmaster@sv-og-ommersheim.de<\/a><\/p>\n","protected":false},"excerpt":{"rendered":"<p>Unsere Adresse: Verein f\u00fcr Deutsche Sch\u00e4ferhunde (SV) e.V. Ortsgruppe Ommersheim e.V. Gemeindesportanlage Ziegelh\u00fctte 66399 Mandelbachtal-Ommersheim E-Mail:\u00a0webmaster@sv-og-ommersheim.de<\/p>\n","protected":false},"author":1,"featured_media":185,"parent":0,"menu_order":0,"comment_status":"closed","ping_status":"closed","template":"","meta":{"footnotes":""},"class_list":["post-36","page","type-page","status-publish","has-post-thumbnail","hentry"],"jetpack_sharing_enabled":true,"_links":{"self":[{"href":"http:\/\/www.og-ommersheim.de\/index.php?rest_route=\/wp\/v2\/pages\/36","targetHints":{"allow":["GET"]}}],"collection":[{"href":"http:\/\/www.og-ommersheim.de\/index.php?rest_route=\/wp\/v2\/pages"}],"about":[{"href":"http:\/\/www.og-ommersheim.de\/index.php?rest_route=\/wp\/v2\/types\/page"}],"author":[{"embeddable":true,"href":"http:\/\/www.og-ommersheim.de\/index.php?rest_route=\/wp\/v2\/users\/1"}],"replies":[{"embeddable":true,"href":"http:\/\/www.og-ommersheim.de\/index.php?rest_route=%2Fwp%2Fv2%2Fcomments&post=36"}],"version-history":[{"count":5,"href":"http:\/\/www.og-ommersheim.de\/index.php?rest_route=\/wp\/v2\/pages\/36\/revisions"}],"predecessor-version":[{"id":12150,"href":"http:\/\/www.og-ommersheim.de\/index.php?rest_route=\/wp\/v2\/pages\/36\/revisions\/12150"}],"wp:featuredmedia":[{"embeddable":true,"href":"http:\/\/www.og-ommersheim.de\/index.php?rest_route=\/wp\/v2\/media\/185"}],"wp:attachment":[{"href":"http:\/\/www.og-ommersheim.de\/index.php?rest_route=%2Fwp%2Fv2%2Fmedia&parent=36"}],"curies":[{"name":"wp","href":"https:\/\/api.w.org\/{rel}","templated":true}]}}