{"id":7815,"date":"2019-01-02T08:23:14","date_gmt":"2019-01-02T08:23:14","guid":{"rendered":"http:\/\/www.og-ommersheim.de\/?page_id=7815"},"modified":"2019-01-03T12:37:55","modified_gmt":"2019-01-03T12:37:55","slug":"veranstaltungen-2019","status":"publish","type":"page","link":"http:\/\/www.og-ommersheim.de\/?page_id=7815","title":{"rendered":"Veranstaltungen 2019"},"content":{"rendered":"\n<table id=\"tablepress-16\" class=\"tablepress tablepress-id-16\">\n<thead>\n<tr class=\"row-1 odd\">\n\t<th class=\"column-1\"><\/th><th colspan=\"13\" class=\"column-2\">Termine f\u00fcr das Jahr 2019<\/th>\n<\/tr>\n<\/thead>\n<tbody class=\"row-hover\">\n<tr class=\"row-2 even\">\n\t<td class=\"column-1\"><\/td><td class=\"column-2\"><\/td><td class=\"column-3\"><\/td><td class=\"column-4\"><\/td><td class=\"column-5\"><\/td><td class=\"column-6\"><\/td><td class=\"column-7\"><\/td><td class=\"column-8\"><\/td><td class=\"column-9\"><\/td><td class=\"column-10\"><\/td><td class=\"column-11\"><\/td><td class=\"column-12\"><\/td><td class=\"column-13\"><\/td><td class=\"column-14\"><\/td>\n<\/tr>\n<tr class=\"row-3 odd\">\n\t<td class=\"column-1\"><\/td><td class=\"column-2\">06\/01\/2019<\/td><td class=\"column-3\"><\/td><td class=\"column-4\">Neujahrsempfang<\/td><td class=\"column-5\"><\/td><td class=\"column-6\">OG Ommersheim<\/td><td class=\"column-7\"><\/td><td class=\"column-8\">11.00 Uhr<\/td><td class=\"column-9\"><\/td><td class=\"column-10\"><\/td><td class=\"column-11\"><\/td><td class=\"column-12\"><\/td><td class=\"column-13\"><\/td><td class=\"column-14\"><\/td>\n<\/tr>\n<tr class=\"row-4 even\">\n\t<td class=\"column-1\"><\/td><td class=\"column-2\">26\/01\/2019<\/td><td class=\"column-3\"><\/td><td class=\"column-4\">\u00dcbungswartelizenz<\/td><td class=\"column-5\"><\/td><td class=\"column-6\">OG Heiligenwald<\/td><td class=\"column-7\"><\/td><td class=\"column-8\">15.00 Uhr<\/td><td class=\"column-9\"><\/td><td class=\"column-10\"><\/td><td class=\"column-11\"><\/td><td class=\"column-12\"><\/td><td class=\"column-13\"><\/td><td class=\"column-14\"><\/td>\n<\/tr>\n<tr class=\"row-5 odd\">\n\t<td class=\"column-1\"><\/td><td class=\"column-2\">02\/02\/2019<\/td><td class=\"column-3\"><\/td><td class=\"column-4\">Info-, Ausbildungs- und Zuchtwartetagung<\/td><td class=\"column-5\"><\/td><td class=\"column-6\">OG Schiffweiler<\/td><td class=\"column-7\"><\/td><td class=\"column-8\">15.00 Uhr<\/td><td class=\"column-9\"><\/td><td class=\"column-10\"><\/td><td class=\"column-11\"><\/td><td class=\"column-12\"><\/td><td class=\"column-13\"><\/td><td class=\"column-14\"><\/td>\n<\/tr>\n<tr class=\"row-6 even\">\n\t<td class=\"column-1\"><\/td><td class=\"column-2\">09\/02\/2019<\/td><td class=\"column-3\"><\/td><td class=\"column-4\">Jahreshauptversammlung<\/td><td class=\"column-5\"><\/td><td class=\"column-6\">OG Ommersheim<\/td><td class=\"column-7\"><\/td><td class=\"column-8\">15.00 Uhr<\/td><td class=\"column-9\"><\/td><td class=\"column-10\"><\/td><td class=\"column-11\"><\/td><td class=\"column-12\"><\/td><td class=\"column-13\"><\/td><td class=\"column-14\"><\/td>\n<\/tr>\n<tr class=\"row-7 odd\">\n\t<td class=\"column-1\"><\/td><td class=\"column-2\">09\/02\/2019<\/td><td class=\"column-3\"><\/td><td class=\"column-4\">Wesensbeurteilung<\/td><td class=\"column-5\"><\/td><td class=\"column-6\">OG Nassweiler<\/td><td class=\"column-7\"><\/td><td class=\"column-8\"><\/td><td class=\"column-9\"><\/td><td class=\"column-10\"><\/td><td class=\"column-11\"><\/td><td class=\"column-12\"><\/td><td class=\"column-13\"><\/td><td class=\"column-14\"><\/td>\n<\/tr>\n<tr class=\"row-8 even\">\n\t<td class=\"column-1\"><\/td><td class=\"column-2\">16\/02\/2019<\/td><td class=\"column-3\"><\/td><td class=\"column-4\">Zuchwartelizenz<\/td><td class=\"column-5\"><\/td><td class=\"column-6\">OG Klarenthal<\/td><td class=\"column-7\"><\/td><td class=\"column-8\">15.00 Uhr<\/td><td class=\"column-9\"><\/td><td class=\"column-10\"><\/td><td class=\"column-11\"><\/td><td class=\"column-12\"><\/td><td class=\"column-13\"><\/td><td class=\"column-14\"><\/td>\n<\/tr>\n<tr class=\"row-9 odd\">\n\t<td class=\"column-1\"><\/td><td class=\"column-2\">23\/03\/2019<\/td><td class=\"column-3\"><\/td><td class=\"column-4\">LG-Delegiertentagung<\/td><td class=\"column-5\"><\/td><td class=\"column-6\">Wemmetsweiler<\/td><td class=\"column-7\"><\/td><td class=\"column-8\">15.00 Uhr<\/td><td class=\"column-9\"><\/td><td class=\"column-10\"><\/td><td class=\"column-11\"><\/td><td class=\"column-12\"><\/td><td class=\"column-13\"><\/td><td class=\"column-14\"><\/td>\n<\/tr>\n<tr class=\"row-10 even\">\n\t<td class=\"column-1\"><\/td><td class=\"column-2\">05\/03\/2019<\/td><td class=\"column-3\"><\/td><td class=\"column-4\">Heringsessen<\/td><td class=\"column-5\"><\/td><td class=\"column-6\">OG Ommersheim<\/td><td class=\"column-7\"><\/td><td class=\"column-8\"><\/td><td class=\"column-9\"><\/td><td class=\"column-10\"><\/td><td class=\"column-11\"><\/td><td class=\"column-12\"><\/td><td class=\"column-13\"><\/td><td class=\"column-14\"><\/td>\n<\/tr>\n<tr class=\"row-11 odd\">\n\t<td class=\"column-1\"><\/td><td class=\"column-2\">30\/03\/2019<\/td><td class=\"column-3\"><\/td><td class=\"column-4\">1. K\u00f6rung<\/td><td class=\"column-5\"><\/td><td class=\"column-6\">OG Schiffweiler<\/td><td class=\"column-7\"><\/td><td class=\"column-8\">Helmut K\u00f6nig<\/td><td class=\"column-9\"><\/td><td class=\"column-10\"><\/td><td class=\"column-11\"><\/td><td class=\"column-12\"><\/td><td class=\"column-13\"><\/td><td class=\"column-14\"><\/td>\n<\/tr>\n<tr class=\"row-12 even\">\n\t<td class=\"column-1\"><\/td><td class=\"column-2\">06\/04\/2019<\/td><td class=\"column-3\"><\/td><td class=\"column-4\">Wesensbeurteilung<\/td><td class=\"column-5\"><\/td><td class=\"column-6\">OG H\u00fcttersdorf<\/td><td class=\"column-7\"><\/td><td class=\"column-8\"><\/td><td class=\"column-9\"><\/td><td class=\"column-10\"><\/td><td class=\"column-11\"><\/td><td class=\"column-12\"><\/td><td class=\"column-13\"><\/td><td class=\"column-14\"><\/td>\n<\/tr>\n<tr class=\"row-13 odd\">\n\t<td class=\"column-1\"><\/td><td class=\"column-2\">13.\/14.04.2019<\/td><td class=\"column-3\"><\/td><td class=\"column-4\">LG-OG\/FCI-Qualifikation<\/td><td class=\"column-5\"><\/td><td class=\"column-6\">OG Steinbach<\/td><td class=\"column-7\"><\/td><td class=\"column-8\">Christine\/Lang K.\/Klein<\/td><td class=\"column-9\"><\/td><td class=\"column-10\"><\/td><td class=\"column-11\"><\/td><td class=\"column-12\"><\/td><td class=\"column-13\"><\/td><td class=\"column-14\"><\/td>\n<\/tr>\n<tr class=\"row-14 even\">\n\t<td class=\"column-1\"><\/td><td class=\"column-2\">13.\/14.04.2019<\/td><td class=\"column-3\"><\/td><td class=\"column-4\">Saarl. Jugendmeisterschaft<\/td><td class=\"column-5\"><\/td><td class=\"column-6\">OG Steinbach<\/td><td class=\"column-7\"><\/td><td class=\"column-8\">Christine\/Lang K.\/Klein<\/td><td class=\"column-9\"><\/td><td class=\"column-10\"><\/td><td class=\"column-11\"><\/td><td class=\"column-12\"><\/td><td class=\"column-13\"><\/td><td class=\"column-14\"><\/td>\n<\/tr>\n<tr class=\"row-15 odd\">\n\t<td class=\"column-1\"><\/td><td class=\"column-2\">27\/04\/2019<\/td><td class=\"column-3\"><\/td><td class=\"column-4\">Fr\u00fchjahrspr\u00fcfung<\/td><td class=\"column-5\"><\/td><td class=\"column-6\">OG Ommersheim<\/td><td class=\"column-7\"><\/td><td class=\"column-8\">Helmut K\u00f6nig<\/td><td class=\"column-9\"><\/td><td class=\"column-10\"><\/td><td class=\"column-11\"><\/td><td class=\"column-12\"><\/td><td class=\"column-13\"><\/td><td class=\"column-14\"><\/td>\n<\/tr>\n<tr class=\"row-16 even\">\n\t<td class=\"column-1\"><\/td><td class=\"column-2\">01\/06\/2019<\/td><td class=\"column-3\"><\/td><td class=\"column-4\">Wesensbeurteilung<\/td><td class=\"column-5\"><\/td><td class=\"column-6\">OG G?desweiler<\/td><td class=\"column-7\"><\/td><td class=\"column-8\"><\/td><td class=\"column-9\"><\/td><td class=\"column-10\"><\/td><td class=\"column-11\"><\/td><td class=\"column-12\"><\/td><td class=\"column-13\"><\/td><td class=\"column-14\"><\/td>\n<\/tr>\n<tr class=\"row-17 odd\">\n\t<td class=\"column-1\"><\/td><td class=\"column-2\">15\/06\/2019<\/td><td class=\"column-3\"><\/td><td class=\"column-4\">2. K\u00f6rung<\/td><td class=\"column-5\"><\/td><td class=\"column-6\">OG Dirmingen<\/td><td class=\"column-7\"><\/td><td class=\"column-8\">Helmut K\u00f6nig<\/td><td class=\"column-9\"><\/td><td class=\"column-10\"><\/td><td class=\"column-11\"><\/td><td class=\"column-12\"><\/td><td class=\"column-13\"><\/td><td class=\"column-14\"><\/td>\n<\/tr>\n<tr class=\"row-18 even\">\n\t<td class=\"column-1\"><\/td><td class=\"column-2\">???<\/td><td class=\"column-3\"><\/td><td class=\"column-4\">Agility-Saarlandmeisterschaft<\/td><td class=\"column-5\"><\/td><td class=\"column-6\">???<\/td><td class=\"column-7\"><\/td><td class=\"column-8\">???<\/td><td class=\"column-9\"><\/td><td class=\"column-10\"><\/td><td class=\"column-11\"><\/td><td class=\"column-12\"><\/td><td class=\"column-13\"><\/td><td class=\"column-14\"><\/td>\n<\/tr>\n<tr class=\"row-19 odd\">\n\t<td class=\"column-1\"><\/td><td class=\"column-2\">03\/08\/2019<\/td><td class=\"column-3\"><\/td><td class=\"column-4\">3. K\u00f6rung<\/td><td class=\"column-5\"><\/td><td class=\"column-6\">OG Heiligenwald<\/td><td class=\"column-7\"><\/td><td class=\"column-8\">Helmut K\u00f6nig<\/td><td class=\"column-9\"><\/td><td class=\"column-10\"><\/td><td class=\"column-11\"><\/td><td class=\"column-12\"><\/td><td class=\"column-13\"><\/td><td class=\"column-14\"><\/td>\n<\/tr>\n<tr class=\"row-20 even\">\n\t<td class=\"column-1\"><\/td><td class=\"column-2\">10\/08\/2019<\/td><td class=\"column-3\"><\/td><td class=\"column-4\">Wesensbeurteilung<\/td><td class=\"column-5\"><\/td><td class=\"column-6\">OG Heiligenwald<\/td><td class=\"column-7\"><\/td><td class=\"column-8\">Helmut K\u00f6nig<\/td><td class=\"column-9\"><\/td><td class=\"column-10\"><\/td><td class=\"column-11\"><\/td><td class=\"column-12\"><\/td><td class=\"column-13\"><\/td><td class=\"column-14\"><\/td>\n<\/tr>\n<tr class=\"row-21 odd\">\n\t<td class=\"column-1\"><\/td><td class=\"column-2\">11\/08\/2019<\/td><td class=\"column-3\"><\/td><td class=\"column-4\">LG-Zuchtschau<\/td><td class=\"column-5\"><\/td><td class=\"column-6\">Ommersheim<\/td><td class=\"column-7\"><\/td><td class=\"column-8\">???<\/td><td class=\"column-9\"><\/td><td class=\"column-10\"><\/td><td class=\"column-11\"><\/td><td class=\"column-12\"><\/td><td class=\"column-13\"><\/td><td class=\"column-14\"><\/td>\n<\/tr>\n<tr class=\"row-22 even\">\n\t<td class=\"column-1\"><\/td><td class=\"column-2\">17.\/18.08.2019<\/td><td class=\"column-3\"><\/td><td class=\"column-4\">LG-Ausscheidung<\/td><td class=\"column-5\"><\/td><td class=\"column-6\">???<\/td><td class=\"column-7\"><\/td><td class=\"column-8\">Kleinz\/Bentz\/K\u00f6nig<\/td><td class=\"column-9\"><\/td><td class=\"column-10\"><\/td><td class=\"column-11\"><\/td><td class=\"column-12\"><\/td><td class=\"column-13\"><\/td><td class=\"column-14\"><\/td>\n<\/tr>\n<tr class=\"row-23 odd\">\n\t<td class=\"column-1\"><\/td><td class=\"column-2\">03\/10\/2019<\/td><td class=\"column-3\"><\/td><td class=\"column-4\">LG-Jugendschau<\/td><td class=\"column-5\"><\/td><td class=\"column-6\">???<\/td><td class=\"column-7\"><\/td><td class=\"column-8\">Beck\/K\u00f6nig<\/td><td class=\"column-9\"><\/td><td class=\"column-10\"><\/td><td class=\"column-11\"><\/td><td class=\"column-12\"><\/td><td class=\"column-13\"><\/td><td class=\"column-14\"><\/td>\n<\/tr>\n<tr class=\"row-24 even\">\n\t<td class=\"column-1\"><\/td><td class=\"column-2\">05.\/06.10.2019<\/td><td class=\"column-3\"><\/td><td class=\"column-4\">LG-F\u00e4hrtenhundpr\u00fcfung<\/td><td class=\"column-5\"><\/td><td class=\"column-6\">OG Nassweiler<\/td><td class=\"column-7\"><\/td><td class=\"column-8\">K\u00f6nig \/ Rihm (Einteiler)<\/td><td class=\"column-9\"><\/td><td class=\"column-10\"><\/td><td class=\"column-11\"><\/td><td class=\"column-12\"><\/td><td class=\"column-13\"><\/td><td class=\"column-14\"><\/td>\n<\/tr>\n<tr class=\"row-25 odd\">\n\t<td class=\"column-1\"><\/td><td class=\"column-2\">12\/10\/2019<\/td><td class=\"column-3\"><\/td><td class=\"column-4\">Wesensbeurteilung<\/td><td class=\"column-5\"><\/td><td class=\"column-6\">OG Bergweiler-Sotzweiler<\/td><td class=\"column-7\"><\/td><td class=\"column-8\"><\/td><td class=\"column-9\"><\/td><td class=\"column-10\"><\/td><td class=\"column-11\"><\/td><td class=\"column-12\"><\/td><td class=\"column-13\"><\/td><td class=\"column-14\"><\/td>\n<\/tr>\n<tr class=\"row-26 even\">\n\t<td class=\"column-1\"><\/td><td class=\"column-2\">20\/10\/2019<\/td><td class=\"column-3\"><\/td><td class=\"column-4\">Herbstpr\u00fcfung<\/td><td class=\"column-5\"><\/td><td class=\"column-6\">OG Ommersheim<\/td><td class=\"column-7\"><\/td><td class=\"column-8\">Stephan Bentz<\/td><td class=\"column-9\"><\/td><td class=\"column-10\"><\/td><td class=\"column-11\"><\/td><td class=\"column-12\"><\/td><td class=\"column-13\"><\/td><td class=\"column-14\"><\/td>\n<\/tr>\n<tr class=\"row-27 odd\">\n\t<td class=\"column-1\"><\/td><td class=\"column-2\">16\/11\/2019<\/td><td class=\"column-3\"><\/td><td class=\"column-4\">4. K\u00f6rung<\/td><td class=\"column-5\"><\/td><td class=\"column-6\">OG Merzig<\/td><td class=\"column-7\"><\/td><td class=\"column-8\">Helmut K\u00f6nig<\/td><td class=\"column-9\"><\/td><td class=\"column-10\"><\/td><td class=\"column-11\"><\/td><td class=\"column-12\"><\/td><td class=\"column-13\"><\/td><td class=\"column-14\"><\/td>\n<\/tr>\n<tr class=\"row-28 even\">\n\t<td class=\"column-1\"><\/td><td class=\"column-2\">07\/12\/2019<\/td><td class=\"column-3\"><\/td><td class=\"column-4\">Wesensbeurteilung<\/td><td class=\"column-5\"><\/td><td class=\"column-6\">OG Elm<\/td><td class=\"column-7\"><\/td><td class=\"column-8\"><\/td><td class=\"column-9\"><\/td><td class=\"column-10\"><\/td><td class=\"column-11\"><\/td><td class=\"column-12\"><\/td><td class=\"column-13\"><\/td><td class=\"column-14\"><\/td>\n<\/tr>\n<tr class=\"row-29 odd\">\n\t<td class=\"column-1\"><\/td><td class=\"column-2\"><\/td><td class=\"column-3\"><\/td><td class=\"column-4\"><\/td><td class=\"column-5\"><\/td><td class=\"column-6\"><\/td><td class=\"column-7\"><\/td><td class=\"column-8\"><\/td><td class=\"column-9\"><\/td><td class=\"column-10\"><\/td><td class=\"column-11\"><\/td><td class=\"column-12\"><\/td><td class=\"column-13\"><\/td><td class=\"column-14\"><\/td>\n<\/tr>\n<tr class=\"row-30 even\">\n\t<td class=\"column-1\"><\/td><td colspan=\"8\" class=\"column-2\">HG-Termine f\u00fcr das Jahr 2019<\/td><td class=\"column-10\"><\/td><td class=\"column-11\"><\/td><td class=\"column-12\"><\/td><td class=\"column-13\"><\/td><td class=\"column-14\"><\/td>\n<\/tr>\n<tr class=\"row-31 odd\">\n\t<td class=\"column-1\"><\/td><td class=\"column-2\"><\/td><td class=\"column-3\"><\/td><td class=\"column-4\"><\/td><td class=\"column-5\"><\/td><td class=\"column-6\"><\/td><td class=\"column-7\"><\/td><td class=\"column-8\"><\/td><td class=\"column-9\"><\/td><td class=\"column-10\"><\/td><td class=\"column-11\"><\/td><td class=\"column-12\"><\/td><td class=\"column-13\"><\/td><td class=\"column-14\"><\/td>\n<\/tr>\n<tr class=\"row-32 even\">\n\t<td class=\"column-1\"><\/td><td class=\"column-2\">08.\/10.06.2019<\/td><td class=\"column-3\"><\/td><td class=\"column-4\">Deutsche Jugend- und Jubiorenmeisterschaft<\/td><td class=\"column-5\"><\/td><td class=\"column-6\">LG 09 Philippsthal\/Werra<\/td><td class=\"column-7\"><\/td><td colspan=\"7\" class=\"column-8\">Oberrichter: Wilfried Tautz\/F\u00e4hrtenbauftragter:Eckhard Roddewig\/Abteilung A: Andreas He\u00df\/Abteilung B: <br \/>\n Egon Baumgart\/Beirichter: Andreas Bender\/Abteilung C: Horst-Dieter Tr\u00e4ger<\/td>\n<\/tr>\n<tr class=\"row-33 odd\">\n\t<td class=\"column-1\"><\/td><td class=\"column-2\">08.\/10.06.2019<\/td><td class=\"column-3\"><\/td><td class=\"column-4\">Deutsche Jugend- und Juniorenmeisterschaft<\/td><td class=\"column-5\"><\/td><td class=\"column-6\">LG 09 Philippsthal\/Werra<\/td><td class=\"column-7\"><\/td><td colspan=\"7\" class=\"column-8\">GHKL-R\u00fcden: Lothar Quoll\/GHKL-H\u00fcndinnen: Helmut Bu\u00df\/JHKL-R\u00fcden: Lothar Quoll\/JHKL-H\u00fcndinnen: Helmut Bu\u00df\/JKL-R\u00fcden: Margit van Dorssen\/JKL-H\u00fcndinnen: Albrecht Woerner\/NWKL-R\u00fcden: Margit van Dorsen\/NWKL-H\u00fcndinnen: Albrecht Woerner\/Veteranen R\u00fcden: Lothar Quoll\/ Veteranen H\u00fcndinnen: Helmut Bu\u00df\/ LSTHKL\/HGH\/Zuchtgruppen: G\u00fcnter Schwedes<\/td>\n<\/tr>\n<tr class=\"row-34 even\">\n\t<td class=\"column-1\"><\/td><td class=\"column-2\">21.\/23.06.2019<\/td><td class=\"column-3\"><\/td><td class=\"column-4\">FCI-Bundesqualifikation<\/td><td class=\"column-5\"><\/td><td class=\"column-6\">LG 13 Mietingen<\/td><td class=\"column-7\"><\/td><td colspan=\"7\" class=\"column-8\">Oberrichter: Wilfried Tautz\/Abteilung A: Norbert Schulz\/Abteilung B: Jens-Peter Fl\u00fcgge\/Beirichter: Volker Behrens\/Abteilung C: Christine Lasser<\/td>\n<\/tr>\n<tr class=\"row-35 odd\">\n\t<td class=\"column-1\"><\/td><td class=\"column-2\">04.\/07.07.2019<\/td><td class=\"column-3\"><\/td><td class=\"column-4\">SV-Bundessiegerpr\u00fcfung Rettungshunde &amp; Internationales Championat<\/td><td class=\"column-5\"><\/td><td class=\"column-6\">LG 13 B\u00f6blingen<\/td><td class=\"column-7\"><\/td><td colspan=\"7\" class=\"column-8\">Oberrichter: Andreas Quint\/Fl\u00e4che: Yvonne Steinborn-Bartsch\/Fl\u00e4che\/Tr\u00fcmmer: Helmut Hecker\/Unterordnung: Heiko Grube\/Ersatzrichter: Egon Baumgart<\/td>\n<\/tr>\n<tr class=\"row-36 even\">\n\t<td class=\"column-1\"><\/td><td class=\"column-2\">24.\/25.08.2019<\/td><td class=\"column-3\"><\/td><td class=\"column-4\">SV-Meisterschaft Rallv Obedience<\/td><td class=\"column-5\"><\/td><td class=\"column-6\">LG 10 Aubachtal<\/td><td class=\"column-7\"><\/td><td colspan=\"3\" class=\"column-8\">Richter: Wird noch bekannt gegeben<\/td><td class=\"column-11\"><\/td><td class=\"column-12\"><\/td><td class=\"column-13\"><\/td><td class=\"column-14\"><\/td>\n<\/tr>\n<tr class=\"row-37 odd\">\n\t<td class=\"column-1\"><\/td><td class=\"column-2\">05.\/08.09.2019<\/td><td class=\"column-3\"><\/td><td class=\"column-4\">SV-Bundessiegerzuchtschau<\/td><td class=\"column-5\"><\/td><td class=\"column-6\">LG 14 N\u00fcrnberg<\/td><td class=\"column-7\"><\/td><td colspan=\"7\" class=\"column-8\">GHKL-R\u00fcden: Lothar Quoll\/GHKL-H\u00fcndinnen: Helmut Bu\u00df\/JHKL-R\u00fcden: Joachim Stiegler\/JHKL-H\u00fcndinnen: J\u00fcrgen Maib\u00fcchen\/JKL-R\u00fcden: Margit van Dorssen\/JKL-H\u00fcndinnen: Albrecht Woerner\/Zuchtgruppen \/ HGH: Ulrich Hausmann\/LSTHKL-R\u00fcden: Robert Lang\/LSTHKL-H\u00fcndinnen: Marco O\u00dfmann\/TSB R\u00fcden: Hans-Peter Schweimer\/TSB H\u00fcndinnen: Dieter Nitschke\/Mutterfamilien: Erich B\u00f6sl\/Vertretungsfall im Krankheitsfall f\u00fcr alle Klassen: Erich B\u00f6sl<\/td>\n<\/tr>\n<tr class=\"row-38 even\">\n\t<td class=\"column-1\"><\/td><td class=\"column-2\">20.\/22.09.2019<\/td><td class=\"column-3\"><\/td><td class=\"column-4\">SV-Bundessiegerpr\u00fcfung IGP &amp; Agility<\/td><td class=\"column-5\"><\/td><td class=\"column-6\">LG 19 Halle<\/td><td class=\"column-7\"><\/td><td colspan=\"7\" class=\"column-8\">Oberrichter: Wilfried Tautz\/F\u00e4hrtenbeauftragter: Gerd Beck\/Abteilung A: Hans-Christian Boll\/Abteilung B: Hans-Peter Feldmann\/Beirichter: Ilona Fornal\/Abteilung C: Robert Sch\u00e4dler\/F\u00fcr den Bereich Agility: Dennis Breunig\/ Ersatz: Inge Haas<\/td>\n<\/tr>\n<tr class=\"row-39 odd\">\n\t<td class=\"column-1\"><\/td><td class=\"column-2\">27.\/29.09.2019<\/td><td class=\"column-3\"><\/td><td class=\"column-4\">SV-Bundesleistungsh\u00fcten<\/td><td class=\"column-5\"><\/td><td class=\"column-6\">LG 13 M\u00e4gerkingen<\/td><td class=\"column-7\"><\/td><td colspan=\"7\" class=\"column-8\">Oberrichter: Manfred Voigt\/Richter: Kerstin Smietana\/Klaus Wuttge<\/td>\n<\/tr>\n<tr class=\"row-40 even\">\n\t<td class=\"column-1\"><\/td><td class=\"column-2\">28.\/29.09.2019<\/td><td class=\"column-3\"><\/td><td class=\"column-4\">SV-Meisterschaft Agility \/ Bundesliga-Finale<\/td><td class=\"column-5\"><\/td><td class=\"column-6\">LG 08 Bad Soden<\/td><td class=\"column-7\"><\/td><td class=\"column-8\">Richter: Britta Krauskopf<\/td><td class=\"column-9\"><\/td><td class=\"column-10\"><\/td><td class=\"column-11\"><\/td><td class=\"column-12\"><\/td><td class=\"column-13\"><\/td><td class=\"column-14\"><\/td>\n<\/tr>\n<tr class=\"row-41 odd\">\n\t<td class=\"column-1\"><\/td><td class=\"column-2\">26.\/27.10.2019<\/td><td class=\"column-3\"><\/td><td class=\"column-4\">SV-Bundessiegerpr\u00fcfung und SV-Meisterschaft Odedience<\/td><td class=\"column-5\"><\/td><td class=\"column-6\">LG 13 Pfuhl\/Neu-Ulm<\/td><td class=\"column-7\"><\/td><td colspan=\"3\" class=\"column-8\">Richter: Wird noch bekannt gegeben<\/td><td class=\"column-11\"><\/td><td class=\"column-12\"><\/td><td class=\"column-13\"><\/td><td class=\"column-14\"><\/td>\n<\/tr>\n<tr class=\"row-42 even\">\n\t<td class=\"column-1\"><\/td><td class=\"column-2\">Wird n. bek. geg.<\/td><td class=\"column-3\"><\/td><td class=\"column-4\">SV-Bundesf\u00e4hrtenhundpr\u00fcfung<\/td><td class=\"column-5\"><\/td><td class=\"column-6\"><\/td><td class=\"column-7\"><\/td><td colspan=\"7\" class=\"column-8\">Oberrichter: Wilfried Tautz\/Richter: Helmut Nie\u00dfen\/Gabriele Smith\/Gerhard von der Haar\/Gerhard Wesche<\/td>\n<\/tr>\n<\/tbody>\n<\/table>\n\n","protected":false},"excerpt":{"rendered":"","protected":false},"author":3,"featured_media":0,"parent":0,"menu_order":0,"comment_status":"closed","ping_status":"closed","template":"page_full-width.php","meta":{"footnotes":""},"class_list":["post-7815","page","type-page","status-publish","hentry"],"jetpack_sharing_enabled":true,"_links":{"self":[{"href":"http:\/\/www.og-ommersheim.de\/index.php?rest_route=\/wp\/v2\/pages\/7815","targetHints":{"allow":["GET"]}}],"collection":[{"href":"http:\/\/www.og-ommersheim.de\/index.php?rest_route=\/wp\/v2\/pages"}],"about":[{"href":"http:\/\/www.og-ommersheim.de\/index.php?rest_route=\/wp\/v2\/types\/page"}],"author":[{"embeddable":true,"href":"http:\/\/www.og-ommersheim.de\/index.php?rest_route=\/wp\/v2\/users\/3"}],"replies":[{"embeddable":true,"href":"http:\/\/www.og-ommersheim.de\/index.php?rest_route=%2Fwp%2Fv2%2Fcomments&post=7815"}],"version-history":[{"count":10,"href":"http:\/\/www.og-ommersheim.de\/index.php?rest_route=\/wp\/v2\/pages\/7815\/revisions"}],"predecessor-version":[{"id":9285,"href":"http:\/\/www.og-ommersheim.de\/index.php?rest_route=\/wp\/v2\/pages\/7815\/revisions\/9285"}],"wp:attachment":[{"href":"http:\/\/www.og-ommersheim.de\/index.php?rest_route=%2Fwp%2Fv2%2Fmedia&parent=7815"}],"curies":[{"name":"wp","href":"https:\/\/api.w.org\/{rel}","templated":true}]}}